{"id":25,"date":"2017-06-12T09:01:15","date_gmt":"2017-06-12T09:01:15","guid":{"rendered":"http:\/\/www.aeepapers.ase.ro\/?page_id=25"},"modified":"2020-12-23T18:01:03","modified_gmt":"2020-12-23T16:01:03","slug":"prima-pagina","status":"publish","type":"page","link":"https:\/\/www.aeepapers.ase.ro\/","title":{"rendered":"Prima pagin\u0103"},"content":{"rendered":"<p align=\"justify\">Aceast\u0103 colec\u0163ie are apari\u0163ie anual\u0103 \u015fi asigur\u0103 diseminarea rezultatelor cercet\u0103rii \u00eentreprinse de studen\u0163i sub coordonarea cadrelor didactice ale Departamentului Economie agroalimentar\u0103 \u015fi a mediului \u00a0din cadrul Academiei de Studii Economice din Bucure\u015fti.<\/p>\n<p align=\"justify\">Toate drepturile asupra lucr\u0103rilor acestei colec\u0163ii sunt rezervate \u00een exclusivitate studen\u0163ilor ce au calitatea de autori. Ca urmare, lucr\u0103rile trebuie s\u0103 fie citate \u00een mod corespunz\u0103tor, potrivit bunelor practici interna\u0163ionale.<\/p>\n<p align=\"justify\">Cercet\u0103rile, interpret\u0103rile, punctele de vedere \u015fi concluziile exprimate \u00een lucr\u0103rile colec\u0163iei apar\u0163in \u00een \u00eentregime autorului\/ilor. Acestea nu reprezint\u0103 punctul de vedere al cadrelor didactice coordonatoare sau al Facultatii Economie agroalimentar\u0103 \u015fi a mediului din cadrul Academiei de Studii Economice din Bucure\u015fti.<\/p>\n<p align=\"justify\">Autorul\/ii \u00ee\u015fi asum\u0103 \u00eentreaga responsabilitate pentru ideile exprimate, pentru originalitatea materialului \u015fi pentru sursele bibliografice men\u0163ionate \u015fi citate corespunz\u0103tor.<\/p>\n<p align=\"justify\">Publica\u021bia\u00a0<b>AEE Papers\u00a0= ISSN\u00a02559-6330, ISSN-L\u00a02559-6330<\/b><b>\u00a0<\/b>a fost \u00eenscris\u0103 \u00een catalogul ROAD (<a href=\"https:\/\/road.issn.org\/\">https:\/\/road.issn.org<\/a>), catalog interna\u021bional al publica\u021biilor \u0219tiin\u021bifice open-access\u00a0(online), administrat de Centrul International ISSN, sub egida <b>UNESCO<\/b>.<\/p>\n<p align=\"justify\"><img loading=\"lazy\" decoding=\"async\" class=\" wp-image-317 aligncenter\" src=\"https:\/\/www.aeepapers.ase.ro\/wp-content\/uploads\/2019\/09\/road-300x94.png\" alt=\"\" width=\"255\" height=\"80\" srcset=\"https:\/\/www.aeepapers.ase.ro\/wp-content\/uploads\/2019\/09\/road-300x94.png 300w, https:\/\/www.aeepapers.ase.ro\/wp-content\/uploads\/2019\/09\/road.png 304w\" sizes=\"auto, (max-width: 255px) 100vw, 255px\" \/><\/p>\n<p style=\"text-align: left;\">Publica\u021bia\u00a0<strong>AEE Papers\u00a0= ISSN\u00a02559-6330, ISSN-L\u00a02559-6330\u00a0<\/strong>este indexat\u0103 CEEOL.<\/p>\n<p style=\"text-align: left;\">Central and Eastern European Online Library (CEEOL) este o baz\u0103 de date recunoscut\u0103 interna\u021bional, cu documente indexate integral din domeniul \u0219tiin\u021belor umaniste \u0219i sociale ce provin din Europa Central\u0103 \u0219i de Est. Colec\u021biile includ surse \u00een limba matern\u0103 din \u0219i despre \u0219tiin\u021bele umaniste \u0219i \u0219tiin\u021bele sociale din Europa Central\u0103, de Est \u0219i de Sud-Est sub form\u0103 de articole de reviste academice, c\u0103r\u021bi electronice \u0219i literatur\u0103 gri.<\/p>\n<p style=\"text-align: left;\">Link acces:\u00a0https:\/\/www.ceeol.com\/search\/journal-detail?id=2633.<\/p>\n<p><img loading=\"lazy\" decoding=\"async\" class=\"alignnone size-medium wp-image-335 aligncenter\" src=\"https:\/\/www.aeepapers.ase.ro\/wp-content\/uploads\/2017\/06\/CEEOL-logo-header-300x33.png\" alt=\"\" width=\"300\" height=\"33\" srcset=\"https:\/\/www.aeepapers.ase.ro\/wp-content\/uploads\/2017\/06\/CEEOL-logo-header-300x33.png 300w, https:\/\/www.aeepapers.ase.ro\/wp-content\/uploads\/2017\/06\/CEEOL-logo-header.png 460w\" sizes=\"auto, (max-width: 300px) 100vw, 300px\" \/><\/p>\n<p><strong>Editura ASE<\/strong><br \/>\nPia\u0163a Roman\u0103 nr. 6, sector 1, Bucure\u015fti, Romania &#8211; cod 010374<br \/>\n<a href=\"http:\/\/www.ase.ro\/\">www.ase.ro<\/a>;\u00a0<a href=\"http:\/\/www.editura.ase.ro\/\">www.editura.ase.ro<\/a><br \/>\nEmail:\u00a0<a href=\"mailto:editura@ase.ro\">editura@ase.ro<\/a><\/p>\n<p><strong>ISSN 2559 &#8211; 6330<\/strong><\/p>\n<p><strong>ISSN-L 2559 &#8211; 6330<\/strong><\/p>\n","protected":false},"excerpt":{"rendered":"<p>Aceast\u0103 colec\u0163ie are apari\u0163ie anual\u0103 \u015fi asigur\u0103 diseminarea rezultatelor cercet\u0103rii \u00eentreprinse de studen\u0163i sub coordonarea cadrelor didactice ale Departamentului Economie agroalimentar\u0103 \u015fi a mediului \u00a0din cadrul Academiei de Studii Economice din Bucure\u015fti. Toate drepturile asupra lucr\u0103rilor acestei colec\u0163ii sunt rezervate \u00een exclusivitate studen\u0163ilor ce au calitatea de autori. Ca urmare, lucr\u0103rile trebuie s\u0103 fie citate &hellip; <\/p>\n<p class=\"link-more\"><a href=\"https:\/\/www.aeepapers.ase.ro\/\" class=\"more-link\">Continu\u0103 lectura<span class=\"screen-reader-text\"> \u201ePrima pagin\u0103\u201d<\/span><\/a><\/p>\n","protected":false},"author":1,"featured_media":62,"parent":0,"menu_order":0,"comment_status":"closed","ping_status":"closed","template":"","meta":{"footnotes":""},"class_list":["post-25","page","type-page","status-publish","has-post-thumbnail","hentry"],"_links":{"self":[{"href":"https:\/\/www.aeepapers.ase.ro\/index.php\/wp-json\/wp\/v2\/pages\/25","targetHints":{"allow":["GET"]}}],"collection":[{"href":"https:\/\/www.aeepapers.ase.ro\/index.php\/wp-json\/wp\/v2\/pages"}],"about":[{"href":"https:\/\/www.aeepapers.ase.ro\/index.php\/wp-json\/wp\/v2\/types\/page"}],"author":[{"embeddable":true,"href":"https:\/\/www.aeepapers.ase.ro\/index.php\/wp-json\/wp\/v2\/users\/1"}],"replies":[{"embeddable":true,"href":"https:\/\/www.aeepapers.ase.ro\/index.php\/wp-json\/wp\/v2\/comments?post=25"}],"version-history":[{"count":9,"href":"https:\/\/www.aeepapers.ase.ro\/index.php\/wp-json\/wp\/v2\/pages\/25\/revisions"}],"predecessor-version":[{"id":338,"href":"https:\/\/www.aeepapers.ase.ro\/index.php\/wp-json\/wp\/v2\/pages\/25\/revisions\/338"}],"wp:featuredmedia":[{"embeddable":true,"href":"https:\/\/www.aeepapers.ase.ro\/index.php\/wp-json\/wp\/v2\/media\/62"}],"wp:attachment":[{"href":"https:\/\/www.aeepapers.ase.ro\/index.php\/wp-json\/wp\/v2\/media?parent=25"}],"curies":[{"name":"wp","href":"https:\/\/api.w.org\/{rel}","templated":true}]}}